{"id":6159,"date":"2023-01-22T09:58:50","date_gmt":"2023-01-22T08:58:50","guid":{"rendered":"https:\/\/zur-nachahmung-empfohlen.de\/privacy-policy\/"},"modified":"2023-03-13T08:58:44","modified_gmt":"2023-03-13T07:58:44","slug":"privacy-policy","status":"publish","type":"page","link":"https:\/\/zur-nachahmung-empfohlen.de\/en\/privacy-policy\/","title":{"rendered":"Privacy policy"},"content":{"rendered":"<p>[et_pb_section fb_built=&#8221;1&#8243; admin_label=&#8221;Key Visual ZNE!&#8221; _builder_version=&#8221;4.16&#8243; background_enable_color=&#8221;off&#8221; background_color_gradient_direction=&#8221;90deg&#8221; background_color_gradient_start=&#8221;rgba(148,166,191,0.34)&#8221; background_color_gradient_end=&#8221;#f4f4f4&#8243; background_enable_image=&#8221;off&#8221; background_blend=&#8221;multiply&#8221; module_alignment=&#8221;center&#8221; custom_margin=&#8221;0px||0px||false|false&#8221; custom_padding=&#8221;0px|0|0px||true|false&#8221; global_module=&#8221;315&#8243; saved_tabs=&#8221;all&#8221; global_colors_info=&#8221;{}&#8221;][et_pb_row _builder_version=&#8221;4.16&#8243; background_size=&#8221;initial&#8221; background_position=&#8221;top_left&#8221; background_repeat=&#8221;repeat&#8221; width=&#8221;100%&#8221; max_width=&#8221;2560px&#8221; module_alignment=&#8221;center&#8221; custom_margin=&#8221;0px|0px|0px|0px|true|true&#8221; custom_padding=&#8221;0px|0px|0px|0px|true|true&#8221; global_colors_info=&#8221;{}&#8221;][et_pb_column type=&#8221;4_4&#8243; _builder_version=&#8221;4.16&#8243; custom_padding=&#8221;|||&#8221; global_colors_info=&#8221;{}&#8221; custom_padding__hover=&#8221;|||&#8221;][et_pb_image src=&#8221;https:\/\/zur-nachahmung-empfohlen.de\/wp-content\/uploads\/2023\/03\/ZNE_banner-neu-1-scaled.jpg&#8221; title_text=&#8221;ETF!&#8221; align=&#8221;center&#8221; force_fullwidth=&#8221;on&#8221; src_tablet=&#8221;https:\/\/zur-nachahmung-empfohlen.de\/wp-content\/uploads\/2023\/03\/ZNE_banner-neu.jpg&#8221; src_phone=&#8221;https:\/\/zur-nachahmung-empfohlen.de\/wp-content\/uploads\/2023\/03\/ZNE_banner-neu.jpg&#8221; src_last_edited=&#8221;on|phone&#8221; align_tablet=&#8221;center&#8221; align_phone=&#8221;center&#8221; align_last_edited=&#8221;on|desktop&#8221; _builder_version=&#8221;4.20.0&#8243; animation_direction=&#8221;left&#8221; global_colors_info=&#8221;{}&#8221;][\/et_pb_image][\/et_pb_column][\/et_pb_row][\/et_pb_section][et_pb_section fb_built=&#8221;1&#8243; custom_padding_last_edited=&#8221;on|phone&#8221; admin_label=&#8221;Key Visual ZNE!&#8221; _builder_version=&#8221;4.19.4&#8243; background_color=&#8221;#FFFFFF&#8221; background_color_gradient_direction=&#8221;90deg&#8221; background_color_gradient_start=&#8221;rgba(148,166,191,0.34)&#8221; background_color_gradient_end=&#8221;#f4f4f4&#8243; background_enable_image=&#8221;off&#8221; background_blend=&#8221;multiply&#8221; module_alignment=&#8221;center&#8221; custom_margin=&#8221;0px||0px||false|false&#8221; custom_padding=&#8221;80px|0|30px||false|false&#8221; custom_padding_tablet=&#8221;55px||0px||false|false&#8221; custom_padding_phone=&#8221;30px||0px||false|false&#8221; global_colors_info=&#8221;{}&#8221;][et_pb_row _builder_version=&#8221;4.19.4&#8243; _module_preset=&#8221;default&#8221; custom_margin=&#8221;0px|auto||auto|false|false&#8221; custom_padding=&#8221;0px||3px||false|false&#8221; global_colors_info=&#8221;{}&#8221;][et_pb_column type=&#8221;4_4&#8243; _builder_version=&#8221;4.16&#8243; _module_preset=&#8221;default&#8221; global_colors_info=&#8221;{}&#8221;][et_pb_text admin_label=&#8221;Title&#8221; _builder_version=&#8221;4.20.2&#8243; text_font=&#8221;|600|||||||&#8221; text_font_size=&#8221;16px&#8221; header_font=&#8221;Source Sans Pro||||||||&#8221; header_text_color=&#8221;#333333&#8243; header_font_size=&#8221;60px&#8221; header_3_text_color=&#8221;#666666&#8243; header_3_font_size=&#8221;25px&#8221; header_3_line_height=&#8221;1.6em&#8221; header_4_font=&#8221;|600||on|||||&#8221; header_4_text_color=&#8221;#aabb00&#8243; header_4_letter_spacing=&#8221;2px&#8221; header_4_line_height=&#8221;1.6em&#8221; custom_margin=&#8221;||40px||false|false&#8221; custom_margin_tablet=&#8221;||40px||false|false&#8221; custom_margin_phone=&#8221;||20px||false|false&#8221; custom_margin_last_edited=&#8221;on|desktop&#8221; custom_padding=&#8221;||0px||false|false&#8221; animation_direction=&#8221;right&#8221; text_font_size_tablet=&#8221;18px&#8221; text_font_size_phone=&#8221;18px&#8221; text_font_size_last_edited=&#8221;on|phone&#8221; header_font_size_tablet=&#8221;40px&#8221; header_font_size_phone=&#8221;&#8221; header_font_size_last_edited=&#8221;on|tablet&#8221; global_colors_info=&#8221;{}&#8221;]<\/p>\n<h1>Privacy policy<\/h1>\n<p>We welcome you to our web pages. Here we inform which personal data we collect from visitors and customers of our website for which purpose and how we handle this data.<\/p>\n<div class=\"wpb_column vc_column_container vc_col-sm-8\">\n<div class=\"vc_column-inner\">\n<div class=\"wpb_wrapper\">\n<div class=\"wpb_text_column wpb_content_element post-formatting \">\n<div class=\"wpb_wrapper\">\n<p>Verantwortlich gem\u00e4\u00df Art. 4 Abs. 7 EU-Datenschutz-Grundverordnung (DS-GVO):<\/p>\n<div>\n<div>\n<p>Adrienne Goehler<br \/><strong>Legiendamm 6, 10179 Berlin<\/strong><\/p>\n<p>info@z-n-e.info<\/p>\n<\/div>\n<\/div>\n<p><a href=\"https:\/\/zur-nachahmung-empfohlen.de\/impressum\/\">Link zum Impressum <\/a><\/p>\n<\/div>\n<\/div>\n<\/div>\n<\/div>\n<\/div>\n<p>&nbsp;<\/p>\n<div id=\"news_one_titel\" style=\"margin: 0px; padding: 0px; caret-color: #666666; color: #666666; font-family: Verdana, sans-serif; font-size: 11.199999809265137px; font-style: normal; font-variant-caps: normal; font-weight: normal; letter-spacing: normal; orphans: auto; text-align: start; text-indent: 0px; text-transform: none; white-space: normal; widows: auto; word-spacing: 0px; -webkit-text-size-adjust: auto; -webkit-text-stroke-width: 0px; text-decoration: none;\"><\/div>\n<p>[\/et_pb_text][\/et_pb_column][\/et_pb_row][et_pb_row custom_padding_last_edited=&#8221;on|phone&#8221; _builder_version=&#8221;4.19.4&#8243; _module_preset=&#8221;default&#8221; custom_margin=&#8221;0px|auto||auto|false|false&#8221; custom_padding=&#8221;0px|0px|0px|0px|true|true&#8221; custom_padding_tablet=&#8221;20px|20px|20px|20px|true|true&#8221; custom_padding_phone=&#8221;5px|7px|5px|7px|true|true&#8221; border_color_all=&#8221;rgba(0,0,0,0.32)&#8221; saved_tabs=&#8221;all&#8221; global_colors_info=&#8221;{}&#8221;][et_pb_column type=&#8221;4_4&#8243; _builder_version=&#8221;4.16&#8243; _module_preset=&#8221;default&#8221; global_colors_info=&#8221;{}&#8221;][et_pb_text _builder_version=&#8221;4.19.4&#8243; _module_preset=&#8221;default&#8221; text_text_color=&#8221;#000000&#8243; text_font_size=&#8221;16px&#8221; text_line_height=&#8221;1.5em&#8221; link_text_color=&#8221;#000000&#8243; link_font_size=&#8221;18px&#8221; header_2_line_height=&#8221;1.3em&#8221; link_font_size_tablet=&#8221;16px&#8221; link_font_size_phone=&#8221;16px&#8221; link_font_size_last_edited=&#8221;on|phone&#8221; global_colors_info=&#8221;{}&#8221;]<\/p>\n<h2>Ihre Rechte in Bezug auf pers\u00f6nliche Daten<\/h2>\n<p>Sie haben in Bezug auf Ihre pers\u00f6nlichen Daten die folgenden Rechte:<\/p>\n<ul>\n<li>Sie haben das Recht zu wissen, warum Ihre pers\u00f6nlichen Daten gebraucht werden, was mit ihnen passiert und wie lange diese verwahrt werden<\/li>\n<li>Zugriffsrecht: Sie haben das Recht Ihre uns bekannten pers\u00f6nlichen Daten einzusehen.<\/li>\n<li>Recht auf Berichtigung: Sie haben das Recht wann immer Sie w\u00fcnschen, Ihre pers\u00f6nlichen Daten zu erg\u00e4nzen, zu korrigieren sowie gel\u00f6scht oder blockiert zu bekommen.<\/li>\n<li>Wenn Sie uns Ihr Einverst\u00e4ndnis zur Verarbeitung Ihrer Daten gegeben haben, haben Sie das Recht dieses Einverst\u00e4ndnis zu widerrufen und Ihre pers\u00f6nlichen Daten l\u00f6schen zu lassen.<\/li>\n<li>Recht auf Datentransfer Ihrer Daten: Sie haben das Recht, alle Ihre pers\u00f6nlichen Daten von einem Kontrolleur anzufordern und in ihrer Gesamtheit zu einem anderen Kontrolleur zu transferieren.<\/li>\n<li>Widerspruchsrecht: Sie k\u00f6nnen der Verarbeitung Ihrer Daten widersprechen. Wir entsprechen dem, es sei denn es gibt berechtigte Gr\u00fcnde f\u00fcr die Verarbeitung.<\/li>\n<\/ul>\n<p>Um diese Rechte auszu\u00fcben, kontaktieren Sie uns bitte. Wenn Sie eine Beschwerde dar\u00fcber haben, wie wir mit Ihren Daten umgehen, w\u00fcrden wir gerne von Ihnen h\u00f6ren, aber Sie haben auch das Recht, eine Beschwerde bei der Aufsichtsbeh\u00f6rde (der Datenschutzbeh\u00f6rde) einzureichen.<\/p>\n<h3>Server-Log-Files<\/h3>\n<p>Sie k\u00f6nnen unsere Webseiten besuchen, ohne Angaben zu Ihrer Person zu machen. Bei jedem Besuch einer unserer Webseiten werden jedoch Nutzungsdaten durch Ihren Web-Browser an unseren deutschen Hosting-Anbieter <a href=\"https:\/\/all-inkl.com\/\">All-Inkl.com<\/a> \u00fcbermittelt und in Protokolldaten, den so genannten Server-Log-Files, gespeichert. Zu den automatisch erhobenen Daten z\u00e4hlen:<\/p>\n<ul>\n<li>Name der aufgerufenen WebseiteDatum und Uhrzeit des Abrufs<\/li>\n<li>\u00fcbertragene Datenmenge<\/li>\n<li>IP-Adresse und der anfragende Provider<\/li>\n<li>Meldung \u00fcber erfolgreichen Abruf \/\/ Zugriffsstatus (Datei \u00fcbertragen, Datei nicht gefunden),<\/li>\n<li>Ihr Browsertyp und Betriebssystem \/\/ Beschreibung des verwendeten Browsertyps<\/li>\n<li>Referrer URL (Ihre zuvor besuchte Seite)<\/li>\n<\/ul>\n<p>Die Erhebung der Daten ist begr\u00fcndet auf unser berechtigtes Interesse, einen st\u00f6rungsfreien Betrieb unserer Webseiten zu gew\u00e4hrleisten. Datenerhebung und Verarbeitung erfolgt auf der Grundlage des Art. 6 Abs. 1 lit. f. DSGVO.<\/p>\n<p>Diese Daten werden aus Sicherheitsgr\u00fcnden (z.B. Aufkl\u00e4rung von Betrug bzw. Missbrauch) ein Zeitlang bei All-Inkl.com in sog. <strong>Logfile-Dateien f\u00fcr den gesetzlich vorgegebenen Zeitraum gespeichert<\/strong> und anschlie\u00dfend (durch K\u00fcrzung) anonymisiert.<\/p>\n<h3><b>Cookies<\/b><\/h3>\n<p>Wir gehen sparsam mit Cookies um, ben\u00f6tigen jedoch einige Cookies, um Ihnen einen nutzerfreundlichen, effektiven und sicheren Nutzung der Webseite anbieten zu k\u00f6nnen.<\/p>\n<p>Cookies sind kleine Textdateien, die im Internetbrowser bzw. vom Internetbrowser auf dem Computersystem eines Nutzers gespeichert werden. Ruft ein Nutzer eine Website auf, so kann ein Cookie auf dem Betriebssystem des Nutzers gespeichert werden. Dieser Cookie enth\u00e4lt eine charakteristische Zeichenfolge, die eine eindeutige Identifizierung des Browsers beim erneuten Aufrufen der Website erm\u00f6glicht.<\/p>\n<p>Des Weiteren erm\u00f6glichen Cookies unseren Systemen, Ihren Browser auch nach einem Seitenwechsel zu erkennen und Ihnen Services anzubieten. Einige Funktionen unserer Internetseite k\u00f6nnen ohne den Einsatz von Cookies nicht angeboten werden. F\u00fcr diese ist es erforderlich, dass der Browser auch nach einem Seitenwechsel wiedererkannt wird.<\/p>\n<p>Die Verarbeitung erfolgt auf Grundlage des Art. 6 Abs. 1 lit. f DSGVO aus unserem \u00fcberwiegenden berechtigten Interesse an der Gew\u00e4hrleistung der optimalen Funktionalit\u00e4t der Website, sowie einer nutzerfreundlichen und effektiven Gestaltung unseres Angebots.<\/p>\n<p>Cookies werden auf Ihrem Rechner gespeichert. Daher haben Sie die volle Kontrolle \u00fcber die Verwendung von Cookies. Durch die Auswahl entsprechender technischer Einstellungen in Ihrem Internetbrowser k\u00f6nnen Sie vor dem Setzen von Cookies benachrichtigt werden und \u00fcber die Annahme einzeln entscheiden, sowie die Speicherung der Cookies und \u00dcbermittlung der enthaltenen Daten verhindern. Bereits gespeicherte Cookies k\u00f6nnen jederzeit gel\u00f6scht werden. Wir weisen Sie jedoch darauf hin, dass Sie dann gegebenenfalls nicht s\u00e4mtliche Funktionen dieser Website vollumf\u00e4nglich werden nutzen k\u00f6nnen.<br \/>Unter den nachstehenden Links k\u00f6nnen Sie sich informieren, wie Sie die Cookies bei den wichtigsten Browsern verwalten (u.a. auch deaktivieren) k\u00f6nnen:<br \/>Chrome Browser: <a href=\"https:\/\/support.google.com\/accounts\/answer\/61416?hl=de\" target=\"_blank\" rel=\"noopener noreferrer\" class=\"\">https:\/\/support.google.com\/accounts\/answer\/61416?hl=de<\/a><br \/>Internet Explorer: <a href=\"https:\/\/support.microsoft.com\/de-de\/help\/17442\/windows-internet-explorer-delete-manage-cookies\" target=\"_blank\" rel=\"noopener noreferrer\">https:\/\/support.microsoft.com\/de-de\/help\/17442\/windows-internet-explorer-delete-manage-cookies<\/a><br \/>Mozilla Firefox: <a href=\"https:\/\/support.mozilla.org\/de\/kb\/cookies-erlauben-und-ablehnen\" target=\"_blank\" rel=\"noopener noreferrer\">https:\/\/support.mozilla.org\/de\/kb\/cookies-erlauben-und-ablehnen<\/a><br \/>Safari: <a href=\"https:\/\/support.apple.com\/de-de\/guide\/safari\/manage-cookies-and-website-data-sfri11471\/mac\" target=\"_blank\" rel=\"noopener noreferrer\">https:\/\/support.apple.com\/de-de\/guide\/safari\/manage-cookies-and-website-data-sfri11471\/mac<\/a><\/p>\n<h3><b>Plug-Ins<\/b><\/h3>\n<p>Diese Webseite verwendet den Google-Font SourceSansPro.<\/p>\n<p>Aufgrund unseres \u00fcberwiegend berechtigten Interesses, Ihnen eine funktionelle Webseite anzubieten, betten wir auf unseren Webseiten Schriften von Google Fonts lokal ein. Weitere Informationen finden Sie in der Datenschutzerkl\u00e4rung von Google, die Sie hier einsehen k\u00f6nnen: <a href=\"https:\/\/policies.google.com\/privacy\">https:\/\/policies.google.com\/privacy<\/a> .<\/p>\n<h3><b>SSL-Verschlu\u0308sselung<\/b><\/h3>\n<p>Wir verwenden eine SSL-Verschl\u00fcsselung zum Schutz der \u00dcbertragung vertraulicher Inhalte, z.B. Ihre Bestelldaten oder Anfragen \u00fcber unser Kontaktformular. Die verschl\u00fcsselte Verbindung ist anhand der Adresszeile des Browsers (Wechsel von http:\/\/ auf https:\/\/) sowie einem etwaigen Schloss-Symbol in Ihrem Browser erkennbar.<\/p>\n<h3><b>Betroffenenrechte und Speicherdauer<\/b><\/h3>\n<p>Diese Webseite erhebt keine personenbezogenen Daten. Ansonsten unterliegen sie dem Vorgehen auf dem Hosting-Anbieter <a href=\"https:\/\/all-inkl.com\/\">All-Inkl.com<\/a>.<\/p>\n<p>Sie k\u00f6nnen die L\u00f6schung aller personenbezogenen Daten, die wir von Ihnen gespeichert haben, anfordern. Dies umfasst nicht die Daten, die wir aufgrund administrativer, rechtlicher oder sicherheitsrelevanter Notwendigkeiten aufbewahren m\u00fcssen.<\/p>\n<p>Hierzu sowie zu weiteren Fragen zum Thema personenbezogene Daten k\u00f6nnen Sie sich jederzeit unter der im Impressum angegebenen Adresse an uns wenden.<\/p>\n<p>Sie haben gem\u00e4\u00df Art. 77 DSGVO das Recht, sich bei der Aufsichtsbeh\u00f6rde zu beschweren, wenn Sie der Ansicht sind, dass die Verarbeitung Ihrer personenbezogenen Daten nicht rechtm\u00e4\u00dfig erfolgt.<\/p>\n<p>Nach Art. 6 Abs. 1 lit. f DSGVO haben Sie das Recht aus Gr\u00fcnden, die sich aus Ihrer besonderen Situation ergeben, den personenbezogenen Datenverarbeitungen jederzeit zu widersprechen. Nach erfolgtem Widerspruch wird die Verarbeitung der betroffenen Daten beendet, es sei denn, wir k\u00f6nnen zwingende schutzw\u00fcrdige Gr\u00fcnde f\u00fcr die Verarbeitung nachweisen, die Ihren Interessen, Rechten und Freiheiten \u00fcberwiegen, oder wenn die Verarbeitung der Geltendmachung, Aus\u00fcbung oder Verteidigung von Rechtsanspr\u00fcchen dient.<\/p>\n<p>Letzte Aktualisierung: 13.03.2023<\/p>\n<p>[\/et_pb_text][\/et_pb_column][\/et_pb_row][et_pb_row _builder_version=&#8221;4.16&#8243; _module_preset=&#8221;default&#8221; min_height=&#8221;10px&#8221; height=&#8221;10px&#8221; height_tablet=&#8221;10px&#8221; height_phone=&#8221;10px&#8221; height_last_edited=&#8221;on|phone&#8221; max_height=&#8221;1px&#8221; custom_padding=&#8221;5px|||||&#8221; global_colors_info=&#8221;{}&#8221;][et_pb_column type=&#8221;4_4&#8243; _builder_version=&#8221;4.16&#8243; _module_preset=&#8221;default&#8221; global_colors_info=&#8221;{}&#8221;][et_pb_code _builder_version=&#8221;4.16&#8243; _module_preset=&#8221;default&#8221; global_colors_info=&#8221;{}&#8221;]<\/p>\n<style>\/* Divi Engine Blog Post - How to Show the Title on Hover with the Divi Portfolio Module *\/<!-- [et_pb_line_break_holder] --><!-- [et_pb_line_break_holder] -->\/* We set the position of the title here *\/<!-- [et_pb_line_break_holder] -->.de-portfolio-title h2.et_pb_module_header {<!-- [et_pb_line_break_holder] -->    position: absolute;<!-- [et_pb_line_break_holder] -->    top: 50%;<!-- [et_pb_line_break_holder] -->    left: 50%;<!-- [et_pb_line_break_holder] -->    transform: translate(-50%, -50%);<!-- [et_pb_line_break_holder] -->    width: 100%;<!-- [et_pb_line_break_holder] -->    text-align: center;<!-- [et_pb_line_break_holder] -->    margin-top: 0px!important;<!-- [et_pb_line_break_holder] -->    z-index: 3;<!-- [et_pb_line_break_holder] -->    opacity: 0;     \/* We want to make sure it is not shown unless hovered *\/<!-- [et_pb_line_break_holder] -->}<!-- [et_pb_line_break_holder] --> <!-- [et_pb_line_break_holder] -->\/* Make the title visible when hovered *\/<!-- [et_pb_line_break_holder] -->.de-portfolio-title .et_pb_portfolio_item:hover h2.et_pb_module_header {<!-- [et_pb_line_break_holder] -->    opacity: 1;<!-- [et_pb_line_break_holder] -->}<!-- [et_pb_line_break_holder] --> <!-- [et_pb_line_break_holder] -->\/* Remove the overlay icon if one is set *\/<!-- [et_pb_line_break_holder] -->.de-portfolio-title span.et_overlay:before {<!-- [et_pb_line_break_holder] -->    content: '';<!-- [et_pb_line_break_holder] -->}<!-- [et_pb_line_break_holder] --> <!-- [et_pb_line_break_holder] -->\/* Make sure the title is shown even if you hover it directly *\/<!-- [et_pb_line_break_holder] -->.de-portfolio-title .et_pb_portfolio_item:hover span.et_overlay {<!-- [et_pb_line_break_holder] -->    opacity: 1;<!-- [et_pb_line_break_holder] -->    z-index: 3;<!-- [et_pb_line_break_holder] -->}<!-- [et_pb_line_break_holder] -->  <\/style>\n<p>[\/et_pb_code][\/et_pb_column][\/et_pb_row][\/et_pb_section]<\/p>\n","protected":false},"excerpt":{"rendered":"<p>Privacy policy We welcome you to our web pages. Here we inform which personal data we collect from visitors and customers of our website for which purpose and how we handle this data. Verantwortlich gem\u00e4\u00df Art. 4 Abs. 7 EU-Datenschutz-Grundverordnung (DS-GVO): Adrienne GoehlerLegiendamm 6, 10179 Berlin info@z-n-e.info Link zum Impressum &nbsp; Ihre Rechte in Bezug [&hellip;]<\/p>\n","protected":false},"author":1,"featured_media":0,"parent":0,"menu_order":23,"comment_status":"closed","ping_status":"closed","template":"","meta":{"_acf_changed":false,"_et_pb_use_builder":"on","_et_pb_old_content":"","_et_gb_content_width":"","footnotes":""},"class_list":["post-6159","page","type-page","status-publish","hentry"],"acf":[],"_links":{"self":[{"href":"https:\/\/zur-nachahmung-empfohlen.de\/en\/wp-json\/wp\/v2\/pages\/6159","targetHints":{"allow":["GET"]}}],"collection":[{"href":"https:\/\/zur-nachahmung-empfohlen.de\/en\/wp-json\/wp\/v2\/pages"}],"about":[{"href":"https:\/\/zur-nachahmung-empfohlen.de\/en\/wp-json\/wp\/v2\/types\/page"}],"author":[{"embeddable":true,"href":"https:\/\/zur-nachahmung-empfohlen.de\/en\/wp-json\/wp\/v2\/users\/1"}],"replies":[{"embeddable":true,"href":"https:\/\/zur-nachahmung-empfohlen.de\/en\/wp-json\/wp\/v2\/comments?post=6159"}],"version-history":[{"count":2,"href":"https:\/\/zur-nachahmung-empfohlen.de\/en\/wp-json\/wp\/v2\/pages\/6159\/revisions"}],"predecessor-version":[{"id":6163,"href":"https:\/\/zur-nachahmung-empfohlen.de\/en\/wp-json\/wp\/v2\/pages\/6159\/revisions\/6163"}],"wp:attachment":[{"href":"https:\/\/zur-nachahmung-empfohlen.de\/en\/wp-json\/wp\/v2\/media?parent=6159"}],"curies":[{"name":"wp","href":"https:\/\/api.w.org\/{rel}","templated":true}]}}