{"id":4522,"date":"2023-01-20T14:57:09","date_gmt":"2023-01-20T13:57:09","guid":{"rendered":"https:\/\/zur-nachahmung-empfohlen.de\/program-2023\/"},"modified":"2024-01-30T20:31:15","modified_gmt":"2024-01-30T19:31:15","slug":"program-2023","status":"publish","type":"page","link":"https:\/\/zur-nachahmung-empfohlen.de\/en\/program-2023\/","title":{"rendered":"Program 2023"},"content":{"rendered":"<p>[et_pb_section fb_built=&#8221;1&#8243; custom_padding_last_edited=&#8221;on|phone&#8221; _builder_version=&#8221;4.22.2&#8243; background_color_gradient_direction=&#8221;90deg&#8221; background_color_gradient_start=&#8221;#ffffff&#8221; background_color_gradient_end=&#8221;#f4f4f4&#8243; background_image=&#8221;https:\/\/zur-nachahmung-empfohlen.de\/wp-content\/uploads\/2023\/10\/2-ZNE-das-wars-foto-marc-aldinger.jpg&#8221; background_position=&#8221;top_right&#8221; background_horizontal_offset=&#8221;2%&#8221; background_vertical_offset=&#8221;13%&#8221; width=&#8221;100%&#8221; module_alignment=&#8221;center&#8221; custom_margin=&#8221;|||&#8221; custom_margin_tablet=&#8221;0px|||&#8221; custom_margin_last_edited=&#8221;off|desktop&#8221; custom_padding=&#8221;100px|0|100px|&#8221; custom_padding_tablet=&#8221;31px|15px|31px|15px|true|true&#8221; custom_padding_phone=&#8221;18px|0px|18px|0px|true|true&#8221; saved_tabs=&#8221;all&#8221; locked=&#8221;off&#8221; global_colors_info=&#8221;{}&#8221;][et_pb_row _builder_version=&#8221;4.21.0&#8243; background_color=&#8221;rgba(255,255,255,0.47)&#8221; custom_margin=&#8221;0px||0px||true|false&#8221; custom_margin_tablet=&#8221;&#8221; custom_margin_phone=&#8221;0px||0px||true|false&#8221; custom_margin_last_edited=&#8221;on|phone&#8221; custom_padding=&#8221;0px|17px|0px|17px|true|true&#8221; border_radii=&#8221;on|10px|10px|10px|10px&#8221; global_colors_info=&#8221;{}&#8221;][et_pb_column type=&#8221;4_4&#8243; _builder_version=&#8221;4.20.0&#8243; custom_padding=&#8221;30px||30px||true|false&#8221; global_colors_info=&#8221;{}&#8221; custom_padding__hover=&#8221;|||&#8221;][et_pb_text admin_label=&#8221;Title&#8221; _builder_version=&#8221;4.21.0&#8243; text_font=&#8221;||||||||&#8221; text_text_color=&#8221;#000000&#8243; text_font_size=&#8221;18px&#8221; text_line_height=&#8221;1.4em&#8221; header_font=&#8221;||||||||&#8221; header_text_color=&#8221;#333333&#8243; header_font_size=&#8221;60px&#8221; header_2_font=&#8221;||||||||&#8221; header_2_text_color=&#8221;#000000&#8243; header_2_font_size=&#8221;46px&#8221; header_2_line_height=&#8221;1.1em&#8221; header_3_text_color=&#8221;#000000&#8243; header_3_font_size=&#8221;25px&#8221; header_3_line_height=&#8221;1.2em&#8221; header_4_font=&#8221;|600||on|||||&#8221; header_4_text_color=&#8221;#aabb00&#8243; header_4_letter_spacing=&#8221;2px&#8221; header_4_line_height=&#8221;1.6em&#8221; custom_margin=&#8221;||0px|||&#8221; custom_padding=&#8221;0px||0px|40px|false|false&#8221; custom_padding_tablet=&#8221;|||15px|false|false&#8221; custom_padding_phone=&#8221;|||0px|false|false&#8221; custom_padding_last_edited=&#8221;on|desktop&#8221; animation_direction=&#8221;right&#8221; text_font_size_tablet=&#8221;&#8221; text_font_size_phone=&#8221;15px&#8221; text_font_size_last_edited=&#8221;on|phone&#8221; header_font_size_tablet=&#8221;40px&#8221; header_font_size_phone=&#8221;&#8221; header_font_size_last_edited=&#8221;on|tablet&#8221; header_3_font_size_tablet=&#8221;&#8221; header_3_font_size_phone=&#8221;&#8221; header_3_font_size_last_edited=&#8221;on|phone&#8221; locked=&#8221;off&#8221; global_colors_info=&#8221;{}&#8221;]<\/p>\n<h2 class=\"et_pb_module et_pb_text et_pb_text_1 et_pb_text_align_left et_pb_bg_layout_light\">Finale \u2013 Berlin 2023<\/h2>\n<p class=\"et_pb_module et_pb_text et_pb_text_1 et_pb_text_align_left et_pb_bg_layout_light\">12\/0\/ \u2013 16\/07\/2023<\/p>\n<h2 class=\"et_pb_module et_pb_text et_pb_text_1 et_pb_text_align_left et_pb_bg_layout_light\">This was it! Ende \u2022 End \u2022 Fin \u2022 \u7ed3\u675f\u2022 Fim \u2022 \u05e1\u05d5\u05e3<\/h2>\n<p>&nbsp;<\/p>\n<p>[\/et_pb_text][\/et_pb_column][\/et_pb_row][\/et_pb_section][et_pb_section fb_built=&#8221;1&#8243; custom_padding_last_edited=&#8221;on|phone&#8221; admin_label=&#8221;Key Visual ZNE!&#8221; _builder_version=&#8221;4.20.0&#8243; background_color=&#8221;#FFFFFF&#8221; background_color_gradient_direction=&#8221;90deg&#8221; background_color_gradient_start=&#8221;rgba(148,166,191,0.34)&#8221; background_color_gradient_end=&#8221;#f4f4f4&#8243; background_enable_image=&#8221;off&#8221; background_blend=&#8221;multiply&#8221; module_alignment=&#8221;center&#8221; custom_margin=&#8221;0px||0px||false|false&#8221; custom_padding=&#8221;80px|0|3px||false|false&#8221; custom_padding_tablet=&#8221;55px||0px||false|false&#8221; custom_padding_phone=&#8221;30px||0px||false|false&#8221; global_colors_info=&#8221;{}&#8221;][et_pb_row _builder_version=&#8221;4.20.0&#8243; _module_preset=&#8221;default&#8221; custom_margin=&#8221;0px|auto||auto|false|false&#8221; custom_padding=&#8221;0px||3px||false|false&#8221; global_colors_info=&#8221;{}&#8221;][et_pb_column type=&#8221;4_4&#8243; _builder_version=&#8221;4.16&#8243; _module_preset=&#8221;default&#8221; global_colors_info=&#8221;{}&#8221;][et_pb_text admin_label=&#8221;Title&#8221; _builder_version=&#8221;4.21.0&#8243; text_font=&#8221;|600|||||||&#8221; text_font_size=&#8221;18px&#8221; text_line_height=&#8221;1.6em&#8221; header_font=&#8221;||||||||&#8221; header_text_color=&#8221;#333333&#8243; header_font_size=&#8221;56px&#8221; header_2_text_color=&#8221;#AABB00&#8243; header_2_font_size=&#8221;33px&#8221; header_2_line_height=&#8221;1.2em&#8221; header_3_text_color=&#8221;#C10006&#8243; header_3_font_size=&#8221;29px&#8221; header_3_line_height=&#8221;1.3em&#8221; header_4_font=&#8221;|600||on|||||&#8221; header_4_text_color=&#8221;#C10006&#8243; header_4_letter_spacing=&#8221;2px&#8221; header_4_line_height=&#8221;1.6em&#8221; custom_margin=&#8221;||11px||false|false&#8221; custom_margin_tablet=&#8221;||40px||false|false&#8221; custom_margin_phone=&#8221;||0px||false|false&#8221; custom_margin_last_edited=&#8221;on|desktop&#8221; custom_padding=&#8221;||0px||false|false&#8221; animation_direction=&#8221;right&#8221; text_font_size_tablet=&#8221;18px&#8221; text_font_size_phone=&#8221;18px&#8221; text_font_size_last_edited=&#8221;on|phone&#8221; header_font_size_tablet=&#8221;40px&#8221; header_font_size_phone=&#8221;&#8221; header_font_size_last_edited=&#8221;on|phone&#8221; header_2_font_size_tablet=&#8221;33px&#8221; header_2_font_size_phone=&#8221;23px&#8221; header_2_font_size_last_edited=&#8221;on|phone&#8221; global_colors_info=&#8221;{}&#8221;]<\/p>\n<h1>Program 2023<\/h1>\n<p>[\/et_pb_text][\/et_pb_column][\/et_pb_row][\/et_pb_section][et_pb_section fb_built=&#8221;1&#8243; _builder_version=&#8221;4.21.0&#8243; _module_preset=&#8221;default&#8221; global_colors_info=&#8221;{}&#8221; custom_padding=&#8221;3px|||||&#8221;][et_pb_row _builder_version=&#8221;4.21.0&#8243; _module_preset=&#8221;default&#8221; custom_padding=&#8221;0px|||||&#8221; locked=&#8221;off&#8221; global_colors_info=&#8221;{}&#8221;][et_pb_column type=&#8221;4_4&#8243; _builder_version=&#8221;4.21.0&#8243; _module_preset=&#8221;default&#8221; global_colors_info=&#8221;{}&#8221;][et_pb_text _builder_version=&#8221;4.24.0&#8243; _module_preset=&#8221;default&#8221; text_font_size=&#8221;17px&#8221; text_line_height=&#8221;1.4em&#8221; header_3_line_height=&#8221;1.3em&#8221; custom_margin=&#8221;||33px|||&#8221; header_3_font_size_tablet=&#8221;&#8221; header_3_font_size_phone=&#8221;&#8221; header_3_font_size_last_edited=&#8221;on|phone&#8221; locked=&#8221;off&#8221; global_colors_info=&#8221;{}&#8221;]<\/p>\n<h3>The finissage in pictures \u2013 last tours by Adrienne Goehler in her exhibition | KlangRaum Performance by Hanna Eimermacher and children | DJ T-INA Darling | Vanessa Ramos-Velasquez Earth is carried into the \u201cimpossible gardens\u201d of Uferstudios | Adrienne Goehler, Leonore Leonardy, Anne Schneider | talk about the Aesthetics and Sustainability Fund David Brandst\u00e4tter dance performance with Sofia Casprini, Nora Barna, Filippo Ceredi, Lisa Bless, Pauline Payen, Madison Pomarico, Furutani Michiyasu, Lyllie Rouviere <strong><\/strong><\/h3>\n<p>Picture credits Marie Eberhardt and Ina Neubert<\/p>\n<p>[\/et_pb_text][modula_gallery gallery_select=&#8221;11162&#8243; _builder_version=&#8221;4.21.0&#8243; _module_preset=&#8221;default&#8221; global_colors_info=&#8221;{}&#8221;][\/modula_gallery][\/et_pb_column][\/et_pb_row][\/et_pb_section][et_pb_section fb_built=&#8221;1&#8243; _builder_version=&#8221;4.21.0&#8243; _module_preset=&#8221;default&#8221; custom_padding=&#8221;0px||1px|||&#8221; global_colors_info=&#8221;{}&#8221;][et_pb_row column_structure=&#8221;3_4,1_4&#8243; _builder_version=&#8221;4.21.0&#8243; _module_preset=&#8221;default&#8221; global_colors_info=&#8221;{}&#8221;][et_pb_column type=&#8221;3_4&#8243; _builder_version=&#8221;4.21.0&#8243; _module_preset=&#8221;default&#8221; global_colors_info=&#8221;{}&#8221;][et_pb_gallery gallery_ids=&#8221;8591,8589&#8243; fullwidth=&#8221;on&#8221; _builder_version=&#8221;4.24.0&#8243; _module_preset=&#8221;default&#8221; global_colors_info=&#8221;{}&#8221;][\/et_pb_gallery][\/et_pb_column][et_pb_column type=&#8221;1_4&#8243; _builder_version=&#8221;4.21.0&#8243; _module_preset=&#8221;default&#8221; global_colors_info=&#8221;{}&#8221;][et_pb_text _builder_version=&#8221;4.20.4&#8243; _module_preset=&#8221;default&#8221; text_text_color=&#8221;#000000&#8243; text_font_size=&#8221;16px&#8221; text_line_height=&#8221;1.6em&#8221; ul_font_size=&#8221;16px&#8221; ul_line_height=&#8221;1.6em&#8221; header_2_text_color=&#8221;#AABB00&#8243; header_3_text_color=&#8221;#AABB00&#8243; header_3_font_size=&#8221;26px&#8221; header_3_line_height=&#8221;1.6em&#8221; header_4_text_color=&#8221;#C10006&#8243; header_4_line_height=&#8221;1.4em&#8221; custom_margin=&#8221;||-8px|||&#8221; custom_padding=&#8221;||3px|||&#8221; global_colors_info=&#8221;{}&#8221;]<\/p>\n<h2>Flyer<\/h2>\n<p>Events and room plan<a href=\"mailto:workshops@z-n-e.info\"><span><\/span><\/a><\/p>\n<ul><\/ul>\n<p>[\/et_pb_text][et_pb_text _builder_version=&#8221;4.20.4&#8243; _module_preset=&#8221;default&#8221; global_colors_info=&#8221;{}&#8221;]<\/p>\n<p>Flyer pdf 308 kb<\/p>\n<p>[\/et_pb_text][et_pb_button button_url=&#8221;https:\/\/zur-nachahmung-empfohlen.de\/wp-content\/uploads\/2023\/05\/230521_ZNE-Flyer-Korr.pdf&#8221; button_text=&#8221;download Flyer&#8221; button_alignment=&#8221;left&#8221; _builder_version=&#8221;4.21.0&#8243; _module_preset=&#8221;default&#8221; custom_button=&#8221;on&#8221; button_text_size=&#8221;20px&#8221; button_text_color=&#8221;#FFFFFF&#8221; button_bg_color=&#8221;#AABB00&#8243; button_border_color=&#8221;#AABB00&#8243; button_border_radius=&#8221;3px&#8221; button_letter_spacing=&#8221;1px&#8221; button_font=&#8221;|600|||||||&#8221; button_icon_color=&#8221;#FFFFFF&#8221; custom_margin=&#8221;16px||6px||false|false&#8221; box_shadow_style=&#8221;preset2&#8243; locked=&#8221;off&#8221; global_colors_info=&#8221;{}&#8221;][\/et_pb_button][\/et_pb_column][\/et_pb_row][\/et_pb_section][et_pb_section fb_built=&#8221;1&#8243; _builder_version=&#8221;4.20.4&#8243; _module_preset=&#8221;default&#8221; custom_margin=&#8221;||-1px||false|false&#8221; custom_padding=&#8221;4px||2px|||&#8221; global_colors_info=&#8221;{}&#8221;][et_pb_row column_structure=&#8221;3_4,1_4&#8243; _builder_version=&#8221;4.24.0&#8243; _module_preset=&#8221;default&#8221; custom_padding=&#8221;||0px|||&#8221; global_colors_info=&#8221;{}&#8221;][et_pb_column type=&#8221;3_4&#8243; _builder_version=&#8221;4.21.0&#8243; _module_preset=&#8221;default&#8221; global_colors_info=&#8221;{}&#8221;][et_pb_text _builder_version=&#8221;4.21.0&#8243; _module_preset=&#8221;default&#8221; locked=&#8221;off&#8221; global_colors_info=&#8221;{}&#8221;]<\/p>\n<h2>Dialogue Programme<\/h2>\n<p>[\/et_pb_text][et_pb_blog posts_number=&#8221;26&#8243; include_categories=&#8221;165&#8243; excerpt_length=&#8221;100&#8243; show_more=&#8221;on&#8221; show_author=&#8221;off&#8221; show_date=&#8221;off&#8221; module_class=&#8221;et-blog-css-grid&#8221; _builder_version=&#8221;4.24.0&#8243; _module_preset=&#8221;default&#8221; header_font=&#8221;||||||||&#8221; header_font_size=&#8221;14px&#8221; header_line_height=&#8221;1.3em&#8221; body_line_height=&#8221;1.3em&#8221; meta_font=&#8221;|600|||||||&#8221; meta_text_color=&#8221;#AABB00&#8243; meta_font_size=&#8221;12px&#8221; meta_line_height=&#8221;1.3em&#8221; min_height=&#8221;463.6px&#8221; global_colors_info=&#8221;{}&#8221;][\/et_pb_blog][et_pb_code _builder_version=&#8221;4.19.5&#8243; _module_preset=&#8221;default&#8221; global_colors_info=&#8221;{}&#8221;]<\/p>\n<style><!-- [et_pb_line_break_holder] -->  <!-- [et_pb_line_break_holder] -->  .et-blog-css-grid > div {<!-- [et_pb_line_break_holder] -->    display: grid;<!-- [et_pb_line_break_holder] -->    grid-template-columns: repeat(auto-fill, minmax(200px, 1fr));<!-- [et_pb_line_break_holder] -->    gap: 10px;<!-- [et_pb_line_break_holder] -->  } <!-- [et_pb_line_break_holder] -->  <!-- [et_pb_line_break_holder] -->  .et-blog-css-grid .et_pb_post {<!-- [et_pb_line_break_holder] -->    align-self: start;<!-- [et_pb_line_break_holder] -->    padding: 10px;  <!-- [et_pb_line_break_holder] -->  }<!-- [et_pb_line_break_holder] -->  <!-- [et_pb_line_break_holder] -->  .et-blog-css-grid > div > div {<!-- [et_pb_line_break_holder] -->  \twidth: 100%;<!-- [et_pb_line_break_holder] -->  \tposition: absolute;<!-- [et_pb_line_break_holder] -->  \tbottom: 0;<!-- [et_pb_line_break_holder] -->  \ttransform: translate(0%, 150%);<!-- [et_pb_line_break_holder] -->  }<!-- [et_pb_line_break_holder] -->  <!-- [et_pb_line_break_holder] -->\t.et-blog-css-grid .entry-featured-image-url {<!-- [et_pb_line_break_holder] -->\t\tpadding-top: 56.25%;<!-- [et_pb_line_break_holder] -->  }<!-- [et_pb_line_break_holder] -->  .et-blog-css-grid .entry-featured-image-url img {<!-- [et_pb_line_break_holder] -->  \tposition: absolute;<!-- [et_pb_line_break_holder] -->  \theight: 100%;<!-- [et_pb_line_break_holder] -->  \twidth: 100%;<!-- [et_pb_line_break_holder] -->  \ttop: 0;<!-- [et_pb_line_break_holder] -->  \tobject-fit: cover;<!-- [et_pb_line_break_holder] -->  }<!-- [et_pb_line_break_holder] -->  <!-- [et_pb_line_break_holder] --><\/style>\n<p>[\/et_pb_code][\/et_pb_column][et_pb_column type=&#8221;1_4&#8243; _builder_version=&#8221;4.24.0&#8243; _module_preset=&#8221;default&#8221; background_color=&#8221;rgba(175,175,175,0.29)&#8221; global_colors_info=&#8221;{}&#8221;][et_pb_text _builder_version=&#8221;4.24.0&#8243; _module_preset=&#8221;default&#8221; header_4_font=&#8221;|600|||||||&#8221; header_4_line_height=&#8221;1.3em&#8221; background_color=&#8221;#FFFFFF&#8221; custom_margin=&#8221;10px|10px||10px|false|true&#8221; custom_padding=&#8221;7px||0px|10px|false|false&#8221; border_radii=&#8221;on|10px|10px|10px|10px&#8221; border_width_all=&#8221;1px&#8221; locked=&#8221;off&#8221; global_colors_info=&#8221;{}&#8221;]<\/p>\n<h4>Listen: Live-sound of the discussions<\/h4>\n<p>[\/et_pb_text][et_pb_blog posts_number=&#8221;26&#8243; include_categories=&#8221;282&#8243; use_manual_excerpt=&#8221;off&#8221; excerpt_length=&#8221;0&#8243; show_author=&#8221;off&#8221; show_date=&#8221;off&#8221; show_categories=&#8221;off&#8221; show_excerpt=&#8221;off&#8221; module_class=&#8221;et-blog-css-grid&#8221; _builder_version=&#8221;4.24.0&#8243; _module_preset=&#8221;default&#8221; header_font=&#8221;|600|||||||&#8221; header_font_size=&#8221;14px&#8221; header_line_height=&#8221;1.3em&#8221; body_line_height=&#8221;1.3em&#8221; meta_font=&#8221;|600|||||||&#8221; meta_text_color=&#8221;#AABB00&#8243; meta_font_size=&#8221;12px&#8221; meta_line_height=&#8221;1.3em&#8221; min_height=&#8221;463.6px&#8221; global_colors_info=&#8221;{}&#8221;][\/et_pb_blog][et_pb_text _builder_version=&#8221;4.24.0&#8243; _module_preset=&#8221;default&#8221; text_font=&#8221;||||||||&#8221; text_text_color=&#8221;#000000&#8243; text_line_height=&#8221;1.4em&#8221; header_font=&#8221;Source Sans Pro||||||||&#8221; header_text_color=&#8221;#333333&#8243; header_font_size=&#8221;60px&#8221; header_2_font_size=&#8221;19px&#8221; header_3_font=&#8221;|600|||||||&#8221; header_3_text_color=&#8221;#9e9e9e&#8221; header_3_font_size=&#8221;14px&#8221; header_3_line_height=&#8221;1.4em&#8221; header_4_font=&#8221;|600||on|||||&#8221; header_4_text_color=&#8221;#aabb00&#8243; header_4_letter_spacing=&#8221;2px&#8221; header_4_line_height=&#8221;1.6em&#8221; background_color=&#8221;rgba(255,255,255,0.7)&#8221; transform_scale_tablet=&#8221;&#8221; transform_scale_phone=&#8221;&#8221; transform_scale_last_edited=&#8221;on|tablet&#8221; transform_translate_tablet=&#8221;0px|0px&#8221; transform_translate_phone=&#8221;0px|0px&#8221; transform_translate_last_edited=&#8221;on|desktop&#8221; transform_translate_linked=&#8221;off&#8221; transform_translate_linked_tablet=&#8221;off&#8221; transform_translate_linked_phone=&#8221;off&#8221; transform_rotate_tablet=&#8221;&#8221; transform_rotate_phone=&#8221;&#8221; transform_rotate_last_edited=&#8221;on|tablet&#8221; transform_skew_tablet=&#8221;&#8221; transform_skew_phone=&#8221;&#8221; transform_skew_last_edited=&#8221;on|tablet&#8221; transform_origin_tablet=&#8221;&#8221; transform_origin_phone=&#8221;&#8221; transform_origin_last_edited=&#8221;on|tablet&#8221; transform_styles_last_edited=&#8221;on|desktop&#8221; width=&#8221;101.5%&#8221; width_tablet=&#8221;100%&#8221; width_phone=&#8221;auto&#8221; width_last_edited=&#8221;on|tablet&#8221; custom_margin=&#8221;0px|0px|0px|0px|false|true&#8221; custom_margin_tablet=&#8221;||0px||false|false&#8221; custom_margin_phone=&#8221;|0px|0px|0px|false|true&#8221; custom_margin_last_edited=&#8221;on|phone&#8221; custom_padding=&#8221;15px|15px|15px|15px|true|true&#8221; animation_direction=&#8221;right&#8221; link_option_url=&#8221;https:\/\/zur-nachahmung-empfohlen.de\/en\/solo-duo\/&#8221; text_font_size_tablet=&#8221;18px&#8221; text_font_size_phone=&#8221;16px&#8221; text_font_size_last_edited=&#8221;on|tablet&#8221; header_font_size_tablet=&#8221;40px&#8221; header_font_size_phone=&#8221;40px&#8221; header_font_size_last_edited=&#8221;on|tablet&#8221; transform_styles_tablet=&#8221;&#8221; transform_styles_phone=&#8221;&#8221; border_radii=&#8221;on|10px|10px|10px|10px&#8221; border_width_all=&#8221;3px&#8221; border_color_all=&#8221;#AABB00&#8243; box_shadow_style=&#8221;preset2&#8243; locked=&#8221;off&#8221; global_colors_info=&#8221;{}&#8221;]<\/p>\n<h2>Solo\/Duo \u2013 30 MINUTES OF SOMETHING<\/h2>\n<p>A fine program has been created, which we summarize from the calendar in our SOLO\/DUO program item.<br \/><strong><\/strong><\/p>\n<p>[\/et_pb_text][\/et_pb_column][\/et_pb_row][et_pb_row _builder_version=&#8221;4.21.0&#8243; _module_preset=&#8221;default&#8221; min_height=&#8221;27px&#8221; height=&#8221;40px&#8221; height_tablet=&#8221;10px&#8221; height_phone=&#8221;10px&#8221; height_last_edited=&#8221;on|phone&#8221; max_height=&#8221;1px&#8221; custom_padding=&#8221;5px||3px|||&#8221; locked=&#8221;off&#8221; global_colors_info=&#8221;{}&#8221;][et_pb_column type=&#8221;4_4&#8243; _builder_version=&#8221;4.16&#8243; _module_preset=&#8221;default&#8221; global_colors_info=&#8221;{}&#8221;][et_pb_code _builder_version=&#8221;4.19.5&#8243; _module_preset=&#8221;default&#8221; global_colors_info=&#8221;{}&#8221;]<\/p>\n<style><!-- [et_pb_line_break_holder] -->  <!-- [et_pb_line_break_holder] -->  .et-blog-css-grid > div {<!-- [et_pb_line_break_holder] -->    display: grid;<!-- [et_pb_line_break_holder] -->    grid-template-columns: repeat(auto-fill, minmax(200px, 1fr));<!-- [et_pb_line_break_holder] -->    gap: 10px;<!-- [et_pb_line_break_holder] -->  } <!-- [et_pb_line_break_holder] -->  <!-- [et_pb_line_break_holder] -->  .et-blog-css-grid .et_pb_post {<!-- [et_pb_line_break_holder] -->    align-self: start;<!-- [et_pb_line_break_holder] -->    padding: 10px;  <!-- [et_pb_line_break_holder] -->  }<!-- [et_pb_line_break_holder] -->  <!-- [et_pb_line_break_holder] -->  .et-blog-css-grid > div > div {<!-- [et_pb_line_break_holder] -->  \twidth: 100%;<!-- [et_pb_line_break_holder] -->  \tposition: absolute;<!-- [et_pb_line_break_holder] -->  \tbottom: 0;<!-- [et_pb_line_break_holder] -->  \ttransform: translate(0%, 150%);<!-- [et_pb_line_break_holder] -->  }<!-- [et_pb_line_break_holder] -->  <!-- [et_pb_line_break_holder] -->\t.et-blog-css-grid .entry-featured-image-url {<!-- [et_pb_line_break_holder] -->\t\tpadding-top: 56.25%;<!-- [et_pb_line_break_holder] -->  }<!-- [et_pb_line_break_holder] -->  .et-blog-css-grid .entry-featured-image-url img {<!-- [et_pb_line_break_holder] -->  \tposition: absolute;<!-- [et_pb_line_break_holder] -->  \theight: 100%;<!-- [et_pb_line_break_holder] -->  \twidth: 100%;<!-- [et_pb_line_break_holder] -->  \ttop: 0;<!-- [et_pb_line_break_holder] -->  \tobject-fit: cover;<!-- [et_pb_line_break_holder] -->  }<!-- [et_pb_line_break_holder] -->  <!-- [et_pb_line_break_holder] --><\/style>\n<p>[\/et_pb_code][\/et_pb_column][\/et_pb_row][\/et_pb_section][et_pb_section fb_built=&#8221;1&#8243; custom_padding_last_edited=&#8221;on|phone&#8221; _builder_version=&#8221;4.20.4&#8243; _module_preset=&#8221;default&#8221; background_color=&#8221;#AABB00&#8243; custom_padding=&#8221;50px||50px||true|false&#8221; custom_padding_tablet=&#8221;50px||50px||true|false&#8221; custom_padding_phone=&#8221;35px||35px||true|false&#8221; global_colors_info=&#8221;{}&#8221;][et_pb_row _builder_version=&#8221;4.20.0&#8243; _module_preset=&#8221;default&#8221; custom_padding=&#8221;0px||1px|||&#8221; global_colors_info=&#8221;{}&#8221;][et_pb_column type=&#8221;4_4&#8243; _builder_version=&#8221;4.20.0&#8243; _module_preset=&#8221;default&#8221; global_colors_info=&#8221;{}&#8221;][et_pb_text _builder_version=&#8221;4.20.4&#8243; _module_preset=&#8221;default&#8221; text_text_color=&#8221;#FFFFFF&#8221; text_font_size=&#8221;16px&#8221; text_line_height=&#8221;1.5em&#8221; ul_font_size=&#8221;16px&#8221; header_text_color=&#8221;#000000&#8243; header_2_text_color=&#8221;#FFFFFF&#8221; header_3_text_color=&#8221;#AABB00&#8243; global_colors_info=&#8221;{}&#8221;]<\/p>\n<h2>Spotlights on <strong>ZNE&#8217;s<\/strong> 13-year series of investigations !<\/h2>\n<ul>\n<li>ted How indispensable (more) time is for the necessary complexity of artistic action<\/li>\n<li>The importance of linking art and science to a tangible expansion of the sensory experience No ecologically meaningful transformation can be achieved without artistic research, without art as a method of knowledge For this kind of art practice, longer, interdisciplinary research and funding periods are crucial We have also strengthened the perception of ARTivism, the combination of political action with the means of art, of art as a \u2018techn\u00e9\u2019 of perception and change, the connection of actionist research and artistic action.<\/li>\n<li>Wie bedeutsam die Verbindung von Kunst und Wissenschaft zur sp\u00fcrbaren Ausweitung der sinnlichen<br \/>Erfahrung beitr\u00e4gt<\/li>\n<li>Es reifte die Gewissheit, dass ohne k\u00fcnstlerisches Forschen, ohne Kunst als Erkenntnismethode, keine<br \/>\u00f6kologische Transformation zu schaffen ist.<\/li>\n<li>An den 19 Orten hat ZNE! haben wir au\u00dferdem die Wahrnehmung des ARTivismus gest\u00e4rkt, der<br \/>Verbindung von politischer Aktion mit den Mitteln der Kunst, von Kunst als<span>&#8216;<\/span><em>techn\u00e9&#8217; <\/em>der Wahrnehmung und Ver\u00e4nderung, der Verbindung von aktionistischer Forschung und k\u00fcnstlerischer Aktion<\/li>\n<li>F\u00fcr diese Art der Kunstpraxis braucht es l\u00e4ngere, interdisziplin\u00e4re Forschungs- und F\u00f6rderzeitr\u00e4ume.<\/li>\n<\/ul>\n<p>[\/et_pb_text][\/et_pb_column][\/et_pb_row][\/et_pb_section]<\/p>\n","protected":false},"excerpt":{"rendered":"<p>Finale \u2013 Berlin 2023 12\/0\/ \u2013 16\/07\/2023 This was it! Ende \u2022 End \u2022 Fin \u2022 \u7ed3\u675f\u2022 Fim \u2022 \u05e1\u05d5\u05e3 &nbsp;Program 2023The finissage in pictures \u2013 last tours by Adrienne Goehler in her exhibition | KlangRaum Performance by Hanna Eimermacher and children | DJ T-INA Darling | Vanessa Ramos-Velasquez Earth is carried into the \u201cimpossible [&hellip;]<\/p>\n","protected":false},"author":1,"featured_media":0,"parent":0,"menu_order":4,"comment_status":"closed","ping_status":"closed","template":"","meta":{"_acf_changed":false,"_et_pb_use_builder":"on","_et_pb_old_content":"","_et_gb_content_width":"","footnotes":""},"class_list":["post-4522","page","type-page","status-publish","hentry"],"acf":[],"_links":{"self":[{"href":"https:\/\/zur-nachahmung-empfohlen.de\/en\/wp-json\/wp\/v2\/pages\/4522","targetHints":{"allow":["GET"]}}],"collection":[{"href":"https:\/\/zur-nachahmung-empfohlen.de\/en\/wp-json\/wp\/v2\/pages"}],"about":[{"href":"https:\/\/zur-nachahmung-empfohlen.de\/en\/wp-json\/wp\/v2\/types\/page"}],"author":[{"embeddable":true,"href":"https:\/\/zur-nachahmung-empfohlen.de\/en\/wp-json\/wp\/v2\/users\/1"}],"replies":[{"embeddable":true,"href":"https:\/\/zur-nachahmung-empfohlen.de\/en\/wp-json\/wp\/v2\/comments?post=4522"}],"version-history":[{"count":10,"href":"https:\/\/zur-nachahmung-empfohlen.de\/en\/wp-json\/wp\/v2\/pages\/4522\/revisions"}],"predecessor-version":[{"id":12682,"href":"https:\/\/zur-nachahmung-empfohlen.de\/en\/wp-json\/wp\/v2\/pages\/4522\/revisions\/12682"}],"wp:attachment":[{"href":"https:\/\/zur-nachahmung-empfohlen.de\/en\/wp-json\/wp\/v2\/media?parent=4522"}],"curies":[{"name":"wp","href":"https:\/\/api.w.org\/{rel}","templated":true}]}}