{"id":12339,"date":"2024-01-25T22:23:13","date_gmt":"2024-01-25T21:23:13","guid":{"rendered":"https:\/\/zur-nachahmung-empfohlen.de\/sustainable-building-materials\/"},"modified":"2024-02-01T19:16:48","modified_gmt":"2024-02-01T18:16:48","slug":"sustainable-building-materials","status":"publish","type":"page","link":"https:\/\/zur-nachahmung-empfohlen.de\/en\/sustainable-building-materials\/","title":{"rendered":"sustainable building materials"},"content":{"rendered":"<p>[et_pb_section fb_built=&#8221;1&#8243; admin_label=&#8221;Key Visual ZNE!&#8221; _builder_version=&#8221;4.16&#8243; background_enable_color=&#8221;off&#8221; background_color_gradient_direction=&#8221;90deg&#8221; background_color_gradient_start=&#8221;rgba(148,166,191,0.34)&#8221; background_color_gradient_end=&#8221;#f4f4f4&#8243; background_enable_image=&#8221;off&#8221; background_blend=&#8221;multiply&#8221; module_alignment=&#8221;center&#8221; custom_margin=&#8221;0px||0px||false|false&#8221; custom_padding=&#8221;0px|0|0px||true|false&#8221; global_module=&#8221;315&#8243; saved_tabs=&#8221;all&#8221; global_colors_info=&#8221;{}&#8221;][et_pb_row _builder_version=&#8221;4.16&#8243; background_size=&#8221;initial&#8221; background_position=&#8221;top_left&#8221; background_repeat=&#8221;repeat&#8221; width=&#8221;100%&#8221; max_width=&#8221;2560px&#8221; module_alignment=&#8221;center&#8221; custom_margin=&#8221;0px|0px|0px|0px|true|true&#8221; custom_padding=&#8221;0px|0px|0px|0px|true|true&#8221; global_colors_info=&#8221;{}&#8221;][et_pb_column type=&#8221;4_4&#8243; _builder_version=&#8221;4.16&#8243; custom_padding=&#8221;|||&#8221; global_colors_info=&#8221;{}&#8221; custom_padding__hover=&#8221;|||&#8221;][et_pb_image src=&#8221;https:\/\/zur-nachahmung-empfohlen.de\/wp-content\/uploads\/2023\/03\/ZNE_banner-neu-1-scaled.jpg&#8221; title_text=&#8221;ETF!&#8221; align=&#8221;center&#8221; force_fullwidth=&#8221;on&#8221; src_tablet=&#8221;https:\/\/zur-nachahmung-empfohlen.de\/wp-content\/uploads\/2023\/03\/ZNE_banner-neu.jpg&#8221; src_phone=&#8221;https:\/\/zur-nachahmung-empfohlen.de\/wp-content\/uploads\/2023\/03\/ZNE_banner-neu.jpg&#8221; src_last_edited=&#8221;on|phone&#8221; align_tablet=&#8221;center&#8221; align_phone=&#8221;center&#8221; align_last_edited=&#8221;on|desktop&#8221; _builder_version=&#8221;4.20.0&#8243; animation_direction=&#8221;left&#8221; global_colors_info=&#8221;{}&#8221;][\/et_pb_image][\/et_pb_column][\/et_pb_row][\/et_pb_section][et_pb_section fb_built=&#8221;1&#8243; admin_label=&#8221;Key Visual ZNE!&#8221; _builder_version=&#8221;4.20.0&#8243; background_color=&#8221;#FFFFFF&#8221; background_color_gradient_direction=&#8221;90deg&#8221; background_color_gradient_start=&#8221;rgba(148,166,191,0.34)&#8221; background_color_gradient_end=&#8221;#f4f4f4&#8243; background_enable_image=&#8221;off&#8221; background_blend=&#8221;multiply&#8221; module_alignment=&#8221;center&#8221; custom_margin=&#8221;0px||0px||false|false&#8221; custom_padding=&#8221;3px|0|3px||true|false&#8221; global_colors_info=&#8221;{}&#8221;][et_pb_row _builder_version=&#8221;4.20.0&#8243; _module_preset=&#8221;default&#8221; custom_margin=&#8221;60px|auto|20px|auto|false|false&#8221; custom_margin_tablet=&#8221;0px||||false|false&#8221; custom_margin_phone=&#8221;0px||||false|false&#8221; custom_margin_last_edited=&#8221;on|phone&#8221; custom_padding=&#8221;||0px||false|false&#8221; global_colors_info=&#8221;{}&#8221;][et_pb_column type=&#8221;4_4&#8243; _builder_version=&#8221;4.16&#8243; _module_preset=&#8221;default&#8221; global_colors_info=&#8221;{}&#8221;][et_pb_text admin_label=&#8221;Title&#8221; _builder_version=&#8221;4.24.0&#8243; text_font=&#8221;||||||||&#8221; text_font_size=&#8221;16px&#8221; header_font=&#8221;Source Sans Pro||||||||&#8221; header_text_color=&#8221;gcid-a671540a-66c7-4dd2-9937-18274b5eb601&#8243; header_font_size=&#8221;56px&#8221; header_2_font_size=&#8221;30px&#8221; header_2_line_height=&#8221;1.1em&#8221; header_3_text_color=&#8221;#666666&#8243; header_3_font_size=&#8221;25px&#8221; header_3_line_height=&#8221;1.6em&#8221; header_4_font=&#8221;|600||on|||||&#8221; header_4_text_color=&#8221;#aabb00&#8243; header_4_letter_spacing=&#8221;2px&#8221; header_4_line_height=&#8221;1.6em&#8221; width=&#8221;100%&#8221; custom_margin=&#8221;0px||0px||false|false&#8221; custom_margin_tablet=&#8221;||0px||false|false&#8221; custom_margin_phone=&#8221;||0px||false|false&#8221; custom_margin_last_edited=&#8221;on|desktop&#8221; custom_padding=&#8221;0px||0px||false|false&#8221; animation_direction=&#8221;right&#8221; header_font_size_tablet=&#8221;40px&#8221; header_font_size_phone=&#8221;&#8221; header_font_size_last_edited=&#8221;on|tablet&#8221; global_colors_info=&#8221;{%22gcid-a671540a-66c7-4dd2-9937-18274b5eb601%22:%91%22header_text_color%22%93}&#8221;]<\/p>\n<h1>sustainable building materials<\/h1>\n<p>[\/et_pb_text][\/et_pb_column][\/et_pb_row][\/et_pb_section][et_pb_section fb_built=&#8221;1&#8243; admin_label=&#8221;Key Visual ZNE!&#8221; _builder_version=&#8221;4.19.4&#8243; background_color=&#8221;#FFFFFF&#8221; background_color_gradient_direction=&#8221;90deg&#8221; background_color_gradient_start=&#8221;rgba(148,166,191,0.34)&#8221; background_color_gradient_end=&#8221;#f4f4f4&#8243; background_enable_image=&#8221;off&#8221; background_blend=&#8221;multiply&#8221; module_alignment=&#8221;center&#8221; custom_margin=&#8221;0px||0px||false|false&#8221; custom_padding=&#8221;3px|0|3px||true|false&#8221; global_colors_info=&#8221;{}&#8221;][et_pb_row use_custom_gutter=&#8221;on&#8221; gutter_width=&#8221;2&#8243; make_equal=&#8221;on&#8221; _builder_version=&#8221;4.19.4&#8243; _module_preset=&#8221;default&#8221; module_alignment=&#8221;center&#8221; custom_margin=&#8221;|auto|22px|auto||&#8221; custom_padding=&#8221;0px||4px|||&#8221; locked=&#8221;off&#8221; global_colors_info=&#8221;{}&#8221;][et_pb_column type=&#8221;4_4&#8243; _builder_version=&#8221;4.19.4&#8243; _module_preset=&#8221;default&#8221; global_colors_info=&#8221;{}&#8221;][et_pb_text _builder_version=&#8221;4.24.0&#8243; _module_preset=&#8221;default&#8221; text_font=&#8221;|600|||||||&#8221; text_font_size=&#8221;18px&#8221; header_2_font=&#8221;|600|||||||&#8221; header_2_text_color=&#8221;rgba(0,0,0,0.55)&#8221; custom_margin=&#8221;||23px|||&#8221; global_colors_info=&#8221;{}&#8221;]<\/p>\n<p>Catalogue Norbert H\u00f6pfer, Folke K\u00f6bberling, Vera Meyer, Charlett Wenig &amp; Johanna Hehemeyer-C\u00fcrten<\/p>\n<p>[\/et_pb_text][et_pb_gallery gallery_ids=&#8221;12318,12316,12314,12045&#8243; fullwidth=&#8221;on&#8221; _builder_version=&#8221;4.24.0&#8243; _module_preset=&#8221;default&#8221; global_colors_info=&#8221;{}&#8221;][\/et_pb_gallery][\/et_pb_column][\/et_pb_row][\/et_pb_section][et_pb_section fb_built=&#8221;1&#8243; _builder_version=&#8221;4.24.0&#8243; _module_preset=&#8221;default&#8221; background_color=&#8221;rgba(175,175,175,0.13)&#8221; custom_padding=&#8221;2px|||||&#8221; global_colors_info=&#8221;{}&#8221;][et_pb_row column_structure=&#8221;3_4,1_4&#8243; _builder_version=&#8221;4.24.0&#8243; _module_preset=&#8221;default&#8221; locked=&#8221;off&#8221; global_colors_info=&#8221;{}&#8221;][et_pb_column type=&#8221;3_4&#8243; _builder_version=&#8221;4.24.0&#8243; _module_preset=&#8221;default&#8221; global_colors_info=&#8221;{}&#8221;][et_pb_text _builder_version=&#8221;4.24.0&#8243; _module_preset=&#8221;default&#8221; global_colors_info=&#8221;{}&#8221;]<\/p>\n<h2>Myzelwollversuche \u2013 W\u00e4rmedurchgangspru\u0308fungen<\/h2>\n<p>Institut fu\u0308r Bauklimatik und Energie der Architektur, Prof. Dipl.-Ing. Elisabeth Endres, tu-braunschweig.de\/ibea<\/p>\n<p>[\/et_pb_text][et_pb_image src=&#8221;https:\/\/zur-nachahmung-empfohlen.de\/wp-content\/uploads\/2024\/02\/Myzelwollversuche-Waermedurchgangspruefungen.jpg&#8221; title_text=&#8221;Myzelwollversuche-Waermedurchgangspruefungen&#8221; url=&#8221;https:\/\/zur-nachahmung-empfohlen.de\/wp-content\/uploads\/2024\/02\/231103-Myzellwollversuche-Waermedurchgangspruefungen-IAK-IBEA.pdf&#8221; _builder_version=&#8221;4.24.0&#8243; _module_preset=&#8221;default&#8221; global_colors_info=&#8221;{}&#8221;][\/et_pb_image][\/et_pb_column][et_pb_column type=&#8221;1_4&#8243; _builder_version=&#8221;4.24.0&#8243; _module_preset=&#8221;default&#8221; global_colors_info=&#8221;{}&#8221;][et_pb_text _builder_version=&#8221;4.24.0&#8243; _module_preset=&#8221;default&#8221; global_colors_info=&#8221;{}&#8221;]<\/p>\n<p>ETF! Workshop Myzellwollversuche<\/p>\n<p><a href=\"https:\/\/zur-nachahmung-empfohlen.de\/wp-content\/uploads\/2024\/02\/231103-Myzellwollversuche-Waermedurchgangspruefungen-IAK-IBEA.pdf\">Download: <span class=\"ws2\">Myzelwollversuche W\u00e4rmedurchgangspru\u0308fungen (pdf 2,4 MB)<\/span><\/a><\/p>\n<p>[\/et_pb_text][\/et_pb_column][\/et_pb_row][et_pb_row column_structure=&#8221;3_4,1_4&#8243; _builder_version=&#8221;4.24.0&#8243; _module_preset=&#8221;default&#8221; locked=&#8221;off&#8221; global_colors_info=&#8221;{}&#8221;][et_pb_column type=&#8221;3_4&#8243; _builder_version=&#8221;4.24.0&#8243; _module_preset=&#8221;default&#8221; global_colors_info=&#8221;{}&#8221;][et_pb_text _builder_version=&#8221;4.24.0&#8243; _module_preset=&#8221;default&#8221; header_3_line_height=&#8221;1.2em&#8221; global_colors_info=&#8221;{}&#8221;]<\/p>\n<h3 class=\"nova-legacy-e-text nova-legacy-e-text--size-xl nova-legacy-e-text--family-display nova-legacy-e-text--spacing-none nova-legacy-e-text--color-grey-900 research-detail-header-section__title\">Engineered mycelium composite construction materials from fungal biorefineries: A critical review<\/h3>\n<div class=\"nova-legacy-c-card__header nova-legacy-c-card__header--show-divider nova-legacy-c-card__header--spacing-inherit\">\n<h2 class=\"nova-legacy-e-text nova-legacy-e-text--size-l nova-legacy-e-text--family-display nova-legacy-e-text--spacing-none nova-legacy-e-text--color-grey-700\">Abstract and Figures<\/h2>\n<\/div>\n<div class=\"nova-legacy-c-card__body nova-legacy-c-card__body--spacing-inherit\">\n<div class=\"nova-legacy-e-text nova-legacy-e-text--size-m nova-legacy-e-text--family-sans-serif nova-legacy-e-text--spacing-none nova-legacy-e-text--color-grey-800 research-detail-middle-section__abstract\" itemprop=\"description\">Mycelium composites are an emerging class of cheap and environmentally sustainable materials experiencing increasing research interest and commercialisation in Europe and the United States for construction applications. These materials utilise natural fungal growth as a low energy bio-fabrication method to upcycle abundant agricultural by-products and wastes into more sustainable alternatives to energy intensive synthetic construction materials. Mycelium composites have customisable material properties based on their composition and manufacturing process and can replace foams, timber and plastics for applications, such as insulation, door cores, panelling, flooring, cabinetry and other furnishings. Due to their low thermal conductivity, high acoustic absorption and fire safety properties outperforming traditional construction materials, such as synthetic foams and engineered woods, they show particular promise as thermal and acoustic insulation foams. However, limitations stemming from their typically foam-like mechanical properties, high water absorption and many gaps in material property documentation necessitate the use of mycelium composites as non- or semi-structural supplements to traditional construction materials for specific, suitable applications, including insulation, panelling and furnishings. Nonetheless, useful material properties in addition to the low costs, simplicity of manufacture and environmental sustainability of these materials suggest that they will play a significant role in the future of green construction.<\/div>\n<\/div>\n<p>[\/et_pb_text][\/et_pb_column][et_pb_column type=&#8221;1_4&#8243; _builder_version=&#8221;4.24.0&#8243; _module_preset=&#8221;default&#8221; global_colors_info=&#8221;{}&#8221;][et_pb_image src=&#8221;https:\/\/zur-nachahmung-empfohlen.de\/wp-content\/uploads\/2024\/01\/Commercial-mycelium-composite-construction-materials-as-a-particleboard-replacements-for.png&#8221; title_text=&#8221;Commercial-mycelium-composite-construction-materials-as-a-particleboard-replacements-for&#8221; _builder_version=&#8221;4.24.0&#8243; _module_preset=&#8221;default&#8221; global_colors_info=&#8221;{}&#8221;][\/et_pb_image][et_pb_text _builder_version=&#8221;4.24.0&#8243; _module_preset=&#8221;default&#8221; global_colors_info=&#8221;{}&#8221;]<\/p>\n<p>Auswertung Braunschweig Materialforschung: ZNE! Workshop Myzellwollversuche<\/p>\n<p><a href=\"https:\/\/zur-nachahmung-empfohlen.de\/wp-content\/uploads\/2024\/01\/JAEngineeredmyceliumcompositeconstructionmaterialsfromfungalbiorefineries-acriticalreview.pdf\">Download: Engineere<span class=\"_ _0\"><\/span>d mycelium comp<span class=\"_ _0\"><\/span>osite const<span class=\"_ _0\"><\/span>ruction mater<span class=\"_ _0\"><\/span>ials from fun<span class=\"_ _0\"><\/span>gal biore<span class=\"ff2\">\ufb01<\/span><\/a><span class=\"ws2\"><a href=\"https:\/\/zur-nachahmung-empfohlen.de\/wp-content\/uploads\/2024\/01\/JAEngineeredmyceliumcompositeconstructionmaterialsfromfungalbiorefineries-acriticalreview.pdf\">ner<span class=\"_ _0\"><\/span>ies: A critica<span class=\"_ _0\"><\/span>l review (pdf 2,5 MB)<\/a> <br \/><\/span><\/p>\n<p>Link to the online article at: <a href=\"https:\/\/www.researchgate.net\/publication\/337690383_Engineered_mycelium_composite_construction_materials_from_fungal_biorefineries_A_critical_review\">researchgate.net<\/a><\/p>\n<p>[\/et_pb_text][\/et_pb_column][\/et_pb_row][\/et_pb_section][et_pb_section fb_built=&#8221;1&#8243; theme_builder_area=&#8221;post_content&#8221; _builder_version=&#8221;4.24.0&#8243; _module_preset=&#8221;default&#8221;][et_pb_row _builder_version=&#8221;4.24.0&#8243; _module_preset=&#8221;default&#8221; theme_builder_area=&#8221;post_content&#8221;][et_pb_column _builder_version=&#8221;4.24.0&#8243; _module_preset=&#8221;default&#8221; type=&#8221;4_4&#8243; theme_builder_area=&#8221;post_content&#8221;][et_pb_text _builder_version=&#8221;4.24.0&#8243; _module_preset=&#8221;default&#8221; text_font=&#8221;|600|||||||&#8221; text_font_size=&#8221;18px&#8221; header_2_font=&#8221;|600|||||||&#8221; header_2_text_color=&#8221;rgba(0,0,0,0.55)&#8221; custom_margin=&#8221;||23px|||&#8221; hover_enabled=&#8221;0&#8243; global_colors_info=&#8221;{}&#8221; locked=&#8221;off&#8221; theme_builder_area=&#8221;post_content&#8221; sticky_enabled=&#8221;0&#8243;]<\/p>\n<p>Images of the workshops by <strong>Norbert H\u00f6pfer<\/strong> (hemp), <strong>Folke K\u00f6bberling<\/strong> (wool) und <strong>Natalija Miodragovi\u0107<\/strong> (funghi, braiding)<\/p>\n<p>[\/et_pb_text][modula_gallery _builder_version=&#8221;4.24.0&#8243; _module_preset=&#8221;default&#8221; theme_builder_area=&#8221;post_content&#8221; gallery_select=&#8221;12742&#8243; hover_enabled=&#8221;0&#8243; sticky_enabled=&#8221;0&#8243;][\/modula_gallery][\/et_pb_column][\/et_pb_row][\/et_pb_section]<\/p>\n","protected":false},"excerpt":{"rendered":"<p>sustainable building materialsCatalogue Norbert H\u00f6pfer, Folke K\u00f6bberling, Vera Meyer, Charlett Wenig &amp; Johanna Hehemeyer-C\u00fcrtenMyzelwollversuche \u2013 W\u00e4rmedurchgangspru\u0308fungen Institut fu\u0308r Bauklimatik und Energie der Architektur, Prof. Dipl.-Ing. Elisabeth Endres, tu-braunschweig.de\/ibeaETF! Workshop Myzellwollversuche Download: Myzelwollversuche W\u00e4rmedurchgangspru\u0308fungen (pdf 2,4 MB)Engineered mycelium composite construction materials from fungal biorefineries: A critical review Abstract and Figures Mycelium composites are an emerging class [&hellip;]<\/p>\n","protected":false},"author":1,"featured_media":0,"parent":0,"menu_order":0,"comment_status":"closed","ping_status":"closed","template":"","meta":{"_acf_changed":false,"_et_pb_use_builder":"on","_et_pb_old_content":"","_et_gb_content_width":"","footnotes":""},"class_list":["post-12339","page","type-page","status-publish","hentry"],"acf":[],"_links":{"self":[{"href":"https:\/\/zur-nachahmung-empfohlen.de\/en\/wp-json\/wp\/v2\/pages\/12339","targetHints":{"allow":["GET"]}}],"collection":[{"href":"https:\/\/zur-nachahmung-empfohlen.de\/en\/wp-json\/wp\/v2\/pages"}],"about":[{"href":"https:\/\/zur-nachahmung-empfohlen.de\/en\/wp-json\/wp\/v2\/types\/page"}],"author":[{"embeddable":true,"href":"https:\/\/zur-nachahmung-empfohlen.de\/en\/wp-json\/wp\/v2\/users\/1"}],"replies":[{"embeddable":true,"href":"https:\/\/zur-nachahmung-empfohlen.de\/en\/wp-json\/wp\/v2\/comments?post=12339"}],"version-history":[{"count":10,"href":"https:\/\/zur-nachahmung-empfohlen.de\/en\/wp-json\/wp\/v2\/pages\/12339\/revisions"}],"predecessor-version":[{"id":12751,"href":"https:\/\/zur-nachahmung-empfohlen.de\/en\/wp-json\/wp\/v2\/pages\/12339\/revisions\/12751"}],"wp:attachment":[{"href":"https:\/\/zur-nachahmung-empfohlen.de\/en\/wp-json\/wp\/v2\/media?parent=12339"}],"curies":[{"name":"wp","href":"https:\/\/api.w.org\/{rel}","templated":true}]}}